{"id":980,"date":"2013-03-03T17:02:54","date_gmt":"2013-03-03T17:02:54","guid":{"rendered":"http:\/\/theretailer.getbowtied.com\/blank\/?page_id=980"},"modified":"2026-02-16T16:19:46","modified_gmt":"2026-02-16T19:19:46","slug":"como-comprar","status":"publish","type":"page","link":"https:\/\/chestermania.com\/shop\/como-comprar\/","title":{"rendered":"C\u00f3mo Comprar"},"content":{"rendered":"\t\t\n\t\t<div class=\"shortcode_container\"><\/p>\n<p>\n\t\t<div class=\"clr\"><\/div><div class=\"empty_separator\" style=\"margin-top:30px;margin-bottom:5px\"><\/div><div class=\"clr\"><\/div>\n\t<\/p>\n<p><div class=\"content_grid_12 clr\">\n\t\t<h2 class=\"bold_title\"><span>C\u00d3MO COMPRAR<\/span><\/h2>\n\t<\/div><\/p>\n<p><div class=\"content_grid_12 clr\"><\/p>\n<h1 style=\"text-align: center;\">Llevarte el sill\u00f3n que quer\u00e9s es s\u00faper f\u00e1cil.<\/h1>\n<p><\/div><\/p>\n<p><div class=\"content_grid_6\"><br \/>\n\t\t\n\t\t<div class=\"shortcode_our_services\">\n\t\t\t<div class=\"shortcode_our_services_img_placeholder\"><img decoding=\"async\" src=\"http:\/\/www.chestermania.com\/shop\/wp-content\/uploads\/2013\/03\/retina-small.jpg\" alt=\"\" \/><\/div>\n\t\t\t<h3>Ven\u00eds a conocernos<\/h3>\n\t\t\t<div class=\"small_sep\"><\/div>\n\t\t\t<p><br \/>\nEn nuestro show-room vas a poder encontrar distintos modelos en exhibici\u00f3n para comparar g\u00e9neros y tama\u00f1os, adem\u00e1s de apreciar la calidad de terminaci\u00f3n.<br \/>\n<\/p>\n\t\t\t<a href=\"#\">+<\/a>\n\t\t<\/div>\n\t<br \/>\n<\/div><\/p>\n<p><div class=\"content_grid_6\"><br \/>\n\t\t\n\t\t<div class=\"shortcode_our_services\">\n\t\t\t<div class=\"shortcode_our_services_img_placeholder\"><img decoding=\"async\" src=\"http:\/\/www.chestermania.com\/shop\/wp-content\/uploads\/2013\/03\/theme-options-small.jpg\" alt=\"\" \/><\/div>\n\t\t\t<h3>Personalizalo a tu gusto<\/h3>\n\t\t\t<div class=\"small_sep\"><\/div>\n\t\t\t<p><br \/>\nEleg\u00ed el tama\u00f1o del sill\u00f3n, con qu\u00e9 material quer\u00e9s tapizarlo y los detalles de decoraci\u00f3n para que te quede exactamente como lo so\u00f1aste.<br \/>\n<\/p>\n\t\t\t<a href=\"#\">+<\/a>\n\t\t<\/div>\n\t<br \/>\n<\/div><\/p>\n<p><div class=\"clr\"><\/div><\/div>\n\t\t\n\t\t<div class=\"shortcode_container\"><br \/>\n<div class=\"content_grid_6\"><br \/>\n\t\t\n\t\t<div class=\"shortcode_our_services\">\n\t\t\t<div class=\"shortcode_our_services_img_placeholder\"><img decoding=\"async\" src=\"http:\/\/www.chestermania.com\/shop\/wp-content\/uploads\/2013\/03\/payment-small.jpg\" alt=\"\" \/><\/div>\n\t\t\t<h3>Confirm\u00e1s la compra<\/h3>\n\t\t\t<div class=\"small_sep\"><\/div>\n\t\t\t<p><br \/>\nAbonando un 50% en concepto de se\u00f1a la operaci\u00f3n queda confirmada, con eso vamos preparando el pedido de acuerdo a tus especificaciones. El saldo lo cancel\u00e1s al momento de la entrega.<br \/>\n<\/p>\n\t\t\t<a href=\"#\">+<\/a>\n\t\t<\/div>\n\t<br \/>\n<\/div><\/p>\n<p><div class=\"content_grid_6\"><br \/>\n\t\t\n\t\t<div class=\"shortcode_our_services\">\n\t\t\t<div class=\"shortcode_our_services_img_placeholder\"><img decoding=\"async\" src=\"http:\/\/www.chestermania.com\/shop\/wp-content\/uploads\/2013\/03\/delivery-small.jpg\" alt=\"\" \/><\/div>\n\t\t\t<h3>Pactamos la entrega<\/h3>\n\t\t\t<div class=\"small_sep\"><\/div>\n\t\t\t<p><br \/>\nUna vez que el sill\u00f3n est\u00e1 listo para ser entregado nos comunicamos con vos para coordinar r\u00e1pidamente el delivery. Enviamos a todo el pa\u00eds y llevamos las piezas a los expresos.<br \/>\n(El env\u00edo siempre es a cargo del comprador)<br \/>\n<\/p>\n\t\t\t<a href=\"#\">+<\/a>\n\t\t<\/div>\n\t<br \/>\n<\/div><br \/>\n<div class=\"clr\"><\/div><\/div>\n\t\t\n\t\t<div class=\"shortcode_container\"><\/p>\n<p>\n\t\t<div class=\"clr\"><\/div><div class=\"empty_separator\" style=\"margin-top:0px;margin-bottom:30px\"><\/div><div class=\"clr\"><\/div>\n\t<\/p>\n<p><div class=\"clr\"><\/div><\/div>\n","protected":false},"excerpt":{"rendered":"","protected":false},"author":1,"featured_media":0,"parent":0,"menu_order":0,"comment_status":"open","ping_status":"open","template":"page-full_single_footer.php","meta":{"footnotes":""},"class_list":["post-980","page","type-page","status-publish","hentry"],"_links":{"self":[{"href":"https:\/\/chestermania.com\/shop\/wp-json\/wp\/v2\/pages\/980","targetHints":{"allow":["GET"]}}],"collection":[{"href":"https:\/\/chestermania.com\/shop\/wp-json\/wp\/v2\/pages"}],"about":[{"href":"https:\/\/chestermania.com\/shop\/wp-json\/wp\/v2\/types\/page"}],"author":[{"embeddable":true,"href":"https:\/\/chestermania.com\/shop\/wp-json\/wp\/v2\/users\/1"}],"replies":[{"embeddable":true,"href":"https:\/\/chestermania.com\/shop\/wp-json\/wp\/v2\/comments?post=980"}],"version-history":[{"count":20,"href":"https:\/\/chestermania.com\/shop\/wp-json\/wp\/v2\/pages\/980\/revisions"}],"predecessor-version":[{"id":7358,"href":"https:\/\/chestermania.com\/shop\/wp-json\/wp\/v2\/pages\/980\/revisions\/7358"}],"wp:attachment":[{"href":"https:\/\/chestermania.com\/shop\/wp-json\/wp\/v2\/media?parent=980"}],"curies":[{"name":"wp","href":"https:\/\/api.w.org\/{rel}","templated":true}]}}