{"id":1750,"date":"2014-03-26T13:45:57","date_gmt":"2014-03-26T16:45:57","guid":{"rendered":"http:\/\/chestermania.com\/shop\/shop\/cuero-gastado\/sillon-chesterfield-1-cuerpo-en-cuero-vacuno-gastado\/"},"modified":"2026-03-20T17:23:11","modified_gmt":"2026-03-20T20:23:11","slug":"sillon-chesterfield-1-cuerpo-en-cuero-vacuno-gastado","status":"publish","type":"product","link":"https:\/\/chestermania.com\/shop\/shop\/modelo-chesterfield\/cuero-gastado\/sillon-chesterfield-1-cuerpo-en-cuero-vacuno-gastado\/","title":{"rendered":"Sill\u00f3n Chesterfield de 1 cuerpo en cuero vacuno gastado"},"content":{"rendered":"<p>Los sof\u00e1s Chesterfield son sin\u00f3nimo de calidad y dise\u00f1o tradicional ingl\u00e9s.<\/p>\n<p>Sus or\u00edgenes datan de mediados del siglo XVIII. Alrededor de 1773, el cuarto Vizconde de Chesterfield encargo a un prestigioso ebanista llamado Adam, poner especial \u00e9nfasis en el dise\u00f1o de un sof\u00e1 que permitiera a los caballeros de la alta sociedad, sentarse con la espalda totalmente recta, evitando as\u00ed, lo que el Vizconde llamaba posturas extra\u00f1as, movimientos poco adecuados y formas poco gentiles.<\/p>\n<p>Adam en un alarde de inspiraci\u00f3n dar\u00eda forma al genuino dise\u00f1o de Botones conocido como Sof\u00e1 Chesterfield.<\/p>\n<p>Los sof\u00e1s Chesterfield de cuero son unas de las mas distinguidas piezas de lujo de las Islas Brit\u00e1nicas. Reconocidos mundialmente por su artesan\u00eda y belleza. Caracterizados por su dise\u00f1o en Capiton\u00e9, con los posabrazos y respaldo a la misma altura.<\/p>\n","protected":false},"excerpt":{"rendered":"<p>&#8211; Base de asiento con cincha doble reforzada.<br \/>\n&#8211; Estructura de madera maciza encastrada, encolada y clavada.<br \/>\n&#8211; Patas reforzadas al tono del tapiz.<br \/>\n&#8211; Tapizado en CUERO VACUNO GASTADO de primera calidad.<br \/>\n&#8211; Utilizamos goma soft de alta densidad en brazos y respaldo para lograr la mejor terminaci\u00f3n del capiton\u00e9.<\/p>\n<p>Medidas<br \/>\nAlto: 70cm<br \/>\nAncho: 120cm<br \/>\nProfundidad: 90cm<\/p>\n","protected":false},"featured_media":1755,"comment_status":"open","ping_status":"closed","template":"","meta":[],"product_brand":[],"product_cat":[59],"product_tag":[72],"class_list":{"0":"post-1750","1":"product","2":"type-product","3":"status-publish","4":"has-post-thumbnail","6":"product_cat-cuero-gastado","7":"product_tag-gastado","9":"first","10":"instock","11":"shipping-taxable","12":"purchasable","13":"product-type-simple"},"_links":{"self":[{"href":"https:\/\/chestermania.com\/shop\/wp-json\/wp\/v2\/product\/1750","targetHints":{"allow":["GET"]}}],"collection":[{"href":"https:\/\/chestermania.com\/shop\/wp-json\/wp\/v2\/product"}],"about":[{"href":"https:\/\/chestermania.com\/shop\/wp-json\/wp\/v2\/types\/product"}],"replies":[{"embeddable":true,"href":"https:\/\/chestermania.com\/shop\/wp-json\/wp\/v2\/comments?post=1750"}],"wp:featuredmedia":[{"embeddable":true,"href":"https:\/\/chestermania.com\/shop\/wp-json\/wp\/v2\/media\/1755"}],"wp:attachment":[{"href":"https:\/\/chestermania.com\/shop\/wp-json\/wp\/v2\/media?parent=1750"}],"wp:term":[{"taxonomy":"product_brand","embeddable":true,"href":"https:\/\/chestermania.com\/shop\/wp-json\/wp\/v2\/product_brand?post=1750"},{"taxonomy":"product_cat","embeddable":true,"href":"https:\/\/chestermania.com\/shop\/wp-json\/wp\/v2\/product_cat?post=1750"},{"taxonomy":"product_tag","embeddable":true,"href":"https:\/\/chestermania.com\/shop\/wp-json\/wp\/v2\/product_tag?post=1750"}],"curies":[{"name":"wp","href":"https:\/\/api.w.org\/{rel}","templated":true}]}}