{"id":1926,"date":"2015-01-13T12:18:15","date_gmt":"2015-01-13T15:18:15","guid":{"rendered":"http:\/\/chestermania.com\/shop\/?post_type=product&#038;p=1926"},"modified":"2015-01-13T12:21:07","modified_gmt":"2015-01-13T15:21:07","slug":"banquetas-con-asiento-en-capitone","status":"publish","type":"product","link":"https:\/\/chestermania.com\/shop\/shop\/modelo-chesterfield\/banquetas\/banquetas-con-asiento-en-capitone\/","title":{"rendered":"Banquetas con asiento en capiton\u00e9"},"content":{"rendered":"<p>Las banquetas son ideales para acompa\u00f1ar al sof\u00e1. Tapizadas en capiton\u00e9 son la combinaci\u00f3n ideal para tu Chesterfield.<\/p>\n<p>La realizamos a medida en funci\u00f3n de tus necesidades, pudiendo nivelar color de patas, g\u00e9nero y terminaciones para armar el juego.<\/p>\n<p>No dudes en consultarnos cotizaci\u00f3n por distintos tama\u00f1os y g\u00e9neros.<\/p>\n","protected":false},"excerpt":{"rendered":"<p>Las banquetas son ideales para acompa\u00f1ar al sof\u00e1. Tapizadas en capiton\u00e9 son la combinaci\u00f3n ideal para tu Chesterfield.<\/p>\n<p>La realizamos a medida en funci\u00f3n de tus necesidades, pudiendo nivelar color de patas, g\u00e9nero y terminaciones para armar el juego.<\/p>\n<p>No dudes en consultarnos cotizaci\u00f3n por distintos tama\u00f1os y g\u00e9neros.<\/p>\n","protected":false},"featured_media":1925,"comment_status":"closed","ping_status":"closed","template":"","meta":[],"product_brand":[],"product_cat":[64],"product_tag":[],"class_list":{"0":"post-1926","1":"product","2":"type-product","3":"status-publish","4":"has-post-thumbnail","6":"product_cat-banquetas","8":"first","9":"instock","10":"shipping-taxable","11":"product-type-simple"},"_links":{"self":[{"href":"https:\/\/chestermania.com\/shop\/wp-json\/wp\/v2\/product\/1926","targetHints":{"allow":["GET"]}}],"collection":[{"href":"https:\/\/chestermania.com\/shop\/wp-json\/wp\/v2\/product"}],"about":[{"href":"https:\/\/chestermania.com\/shop\/wp-json\/wp\/v2\/types\/product"}],"replies":[{"embeddable":true,"href":"https:\/\/chestermania.com\/shop\/wp-json\/wp\/v2\/comments?post=1926"}],"wp:featuredmedia":[{"embeddable":true,"href":"https:\/\/chestermania.com\/shop\/wp-json\/wp\/v2\/media\/1925"}],"wp:attachment":[{"href":"https:\/\/chestermania.com\/shop\/wp-json\/wp\/v2\/media?parent=1926"}],"wp:term":[{"taxonomy":"product_brand","embeddable":true,"href":"https:\/\/chestermania.com\/shop\/wp-json\/wp\/v2\/product_brand?post=1926"},{"taxonomy":"product_cat","embeddable":true,"href":"https:\/\/chestermania.com\/shop\/wp-json\/wp\/v2\/product_cat?post=1926"},{"taxonomy":"product_tag","embeddable":true,"href":"https:\/\/chestermania.com\/shop\/wp-json\/wp\/v2\/product_tag?post=1926"}],"curies":[{"name":"wp","href":"https:\/\/api.w.org\/{rel}","templated":true}]}}