{"id":2289,"date":"2018-11-07T15:56:04","date_gmt":"2018-11-07T18:56:04","guid":{"rendered":"https:\/\/chestermania.com\/shop\/?post_type=product&#038;p=2289"},"modified":"2018-11-07T15:56:04","modified_gmt":"2018-11-07T18:56:04","slug":"banqueta-tapizada-con-base-de-hierro","status":"publish","type":"product","link":"https:\/\/chestermania.com\/shop\/shop\/modelo-chesterfield\/banquetas\/banqueta-tapizada-con-base-de-hierro\/","title":{"rendered":"Banqueta tapizada con base de hierro"},"content":{"rendered":"","protected":false},"excerpt":{"rendered":"<p><span class=\"_5mfr\"><span class=\"_6qdm\">\u2b50<\/span><\/span><span class=\"_5mfr\"><span class=\"_6qdm\">?<\/span><\/span>LANZAMIENTO<span class=\"_5mfr\"><span class=\"_6qdm\">?<\/span><\/span><span class=\"_5mfr\"><span class=\"_6qdm\">\u2b50<\/span><\/span><br \/>\n<span class=\"_5mfr\"><span class=\"_6qdm\">?<\/span><\/span>Nuevos banqueta con base de hierro y asiento en capiton\u00e9<span class=\"_5mfr\"><span class=\"_6qdm\">?<\/span><\/span><br \/>\n<span class=\"_5mfr\"><span class=\"_6qdm\">?<\/span><\/span>Pod\u00e9s elegir el g\u00e9nero que m\u00e1s te guste<span class=\"_5mfr\"><span class=\"_6qdm\">?<\/span><\/span><br \/>\n<span class=\"_5mfr\"><span class=\"_6qdm\">?<\/span><\/span>Varios tonos de colores disponibles<span class=\"_5mfr\"><span class=\"_6qdm\">?<\/span><\/span><\/p>\n","protected":false},"featured_media":2290,"comment_status":"closed","ping_status":"closed","template":"","meta":[],"product_brand":[],"product_cat":[64],"product_tag":[82],"class_list":{"0":"post-2289","1":"product","2":"type-product","3":"status-publish","4":"has-post-thumbnail","6":"product_cat-banquetas","7":"product_tag-hierro","9":"first","10":"instock","11":"shipping-taxable","12":"product-type-simple"},"_links":{"self":[{"href":"https:\/\/chestermania.com\/shop\/wp-json\/wp\/v2\/product\/2289","targetHints":{"allow":["GET"]}}],"collection":[{"href":"https:\/\/chestermania.com\/shop\/wp-json\/wp\/v2\/product"}],"about":[{"href":"https:\/\/chestermania.com\/shop\/wp-json\/wp\/v2\/types\/product"}],"replies":[{"embeddable":true,"href":"https:\/\/chestermania.com\/shop\/wp-json\/wp\/v2\/comments?post=2289"}],"wp:featuredmedia":[{"embeddable":true,"href":"https:\/\/chestermania.com\/shop\/wp-json\/wp\/v2\/media\/2290"}],"wp:attachment":[{"href":"https:\/\/chestermania.com\/shop\/wp-json\/wp\/v2\/media?parent=2289"}],"wp:term":[{"taxonomy":"product_brand","embeddable":true,"href":"https:\/\/chestermania.com\/shop\/wp-json\/wp\/v2\/product_brand?post=2289"},{"taxonomy":"product_cat","embeddable":true,"href":"https:\/\/chestermania.com\/shop\/wp-json\/wp\/v2\/product_cat?post=2289"},{"taxonomy":"product_tag","embeddable":true,"href":"https:\/\/chestermania.com\/shop\/wp-json\/wp\/v2\/product_tag?post=2289"}],"curies":[{"name":"wp","href":"https:\/\/api.w.org\/{rel}","templated":true}]}}